{"id":104,"date":"2018-06-05T16:23:31","date_gmt":"2018-06-05T14:23:31","guid":{"rendered":"http:\/\/kemakta.se\/english\/?page_id=104"},"modified":"2025-03-10T11:37:18","modified_gmt":"2025-03-10T10:37:18","slug":"forskningsprojekt-och-internationella-samarbeten","status":"publish","type":"page","link":"https:\/\/kemakta.se\/english\/om-oss\/forskningsprojekt-och-internationella-samarbeten\/","title":{"rendered":"International Collaborations and Networks"},"content":{"rendered":"<p>[vc_row css_animation=&#8221;&#8221; row_type=&#8221;row&#8221; use_row_as_full_screen_section=&#8221;no&#8221; type=&#8221;full_width&#8221; angled_section=&#8221;no&#8221; text_align=&#8221;left&#8221; background_image_as_pattern=&#8221;without_pattern&#8221; el_class=&#8221;content-margin-small&#8221; z_index=&#8221;&#8221;][vc_column][vc_column_text el_class=&#8221;p-text-margin text-margin-bottom&#8221;]Kemakta strives to participate in various collaborations with both Swedish and international companies and organizations. Kemakta maintains close contact with universities and regularly participates in different research projects. Examples of international projects and collaborations include:<\/p>\n<p><strong>AgriAs (2017 \u2013 2020)<\/strong> \u2013 an EU project under the Water Joint Programming Initiative \u201cWater Challenges for a Changing World.\u201d Kemakta&#8217;s participation was co-financed by FORMAS. The coordinator and project leader was the Finnish Geological Survey. The main objective of the project was to assess health and environmental risks from arsenic in agricultural soil and to develop methods to reduce exposure. Kemakta developed a model to compare the risks from a contaminated area with the risks from exposure to background levels of arsenic. Various water purification methods and soil additives were studied, and their sustainability was assessed. A summary of the project can be found in the article \u201d<a href=\"https:\/\/www.researchgate.net\/publication\/355976803_Risk_management_for_arsenic_in_agricultural_soil-water_systems_lessons_learned_from_case_studies_in_Europe\" target=\"_blank\" rel=\"noopener\">Risk management for arsenic in agricultural soil\u2013water systems: lessons learned from case studies in Europe<\/a>\u201d, <a href=\"https:\/\/www.researchgate.net\/profile\/Kirsti-Loukola-Ruskeeniemi\" target=\"_blank\" rel=\"noopener\">Kirsti Loukola-Ruskeeniem<\/a> m. fl., November 2021, <a href=\"https:\/\/www.researchgate.net\/journal\/Journal-of-Hazardous-Materials-0304-3894\" target=\"_blank\" rel=\"noopener\">Journal of Hazardous Materials<\/a>\u00a0424(5):127677 DOI: <a href=\"http:\/\/dx.doi.org\/10.1016\/j.jhazmat.2021.127677\" target=\"_blank\" rel=\"noopener\">10.1016\/j.jhazmat.2021.127677<\/a><\/p>\n<p><strong>IAEA (2016 \u2013 2024)<\/strong> \u2013\u00a0Kemakta participated in a project for the IAEA (International Atomic Energy Agency), which aimed to develop reference values for the disposal of radioactive material that may arise during cleanup after a nuclear accident. To calculate the reference values, further development was made to the model used to develop IAEA\u2019s and the EU\u2019s general clearance levels (Basic Safety Standards). The project was extended in order\u00a0 to develop a methodology and a model for developing clearance levels for recycling, incineration, and disposal of materials with very low radioactivity arising from the decommissioning of nuclear facilities, such as metal, concrete, combustible material, and soil.<\/p>\n<p><strong>\u00c4sp\u00f6 Task Force (2017 \u2013 2021)<\/strong> \u2013 From 2017 to 2021, Kemakta acted as the Prinicpal Investigator for Task 9D within the \u00c4sp\u00f6 Task Force. The \u00c4sp\u00f6 Task Force is an international collaboration led by SKB, including representatives from national nuclear waste programs from six different countries (Finland, Japan, South Korea, Sweden, Czech Republic, Germany, and the USA) aiming to interpret and model experiments conducted at the \u00c4sp\u00f6 Hard Rock Laboratory (HRL) and the Onkalo underground laboratory in Finland. The goal of the project was to develop transport models that more realistically represent heterogeneity affecting the retention and retardation processes of radionuclides in crystalline rock at depths of several hundred meters.<\/p>\n<p><strong>EURARE (2013 \u2013 2017)<\/strong> \u2013 a project under the EU\u2019s Seventh Framework Programme aiming to develop sustainable production methods for rare earth elements from European mineral resources. Kemakta was responsible for evaluating radiation protection issues and assessing the health and environmental impacts of production.<\/p>\n<p><strong>BioMore (2015 \u2013 2018)<\/strong> \u2013 a project under the EU\u2019s Horizon 2020 programme aimed at developing methods for in-situ leaching of metals from deep ore bodies that are difficult to exploit otherwise. Kemakta was responsible for evaluating the environmental impact of such mining.<\/p>\n<p><strong>CROCK (2011\u20132013)<\/strong> \u2013 was an EU Seventh Framework Programme (EURATOM) project aimed at reducing uncertainties in long-term predictions of radionuclide migration in the crystalline rock repository far-field. Kemakta led Work Package 4 (WP4), with a focus on the generation of reliable data, improving understanding of radionuclide migration controls, and evaluating modelling approaches. The knowledge gained has guided further research and development at Kemakta, in collaboration with SKB, and has been directly applied to data recommendations in SKB\u2019s safety assessments SR-Site and SR-PSU, as well as ongoing preparations for future safety assessments.<\/p>\n<p><a href=\"https:\/\/cordis.europa.eu\/project\/id\/269658\">https:\/\/cordis.europa.eu\/project\/id\/269658<\/a>\u201d[\/vc_column_text][vc_row_inner row_type=&#8221;row&#8221; type=&#8221;grid&#8221; text_align=&#8221;left&#8221; css_animation=&#8221;&#8221;][vc_column_inner width=&#8221;2\/3&#8243;][vc_column_text el_class=&#8221;p-text-margin text-margin-bottom&#8221;]We are engaged in the Swedish network <strong>Renare Mark<\/strong> as well as in the international network <strong>NICOLE<\/strong> (Network for Industrially Contaminated Land in Europe).<\/p>\n<p>We also participate in the <strong>Swedish Standards Institute<\/strong> (SIS) technical committee 535 on Characterization of Waste, Soil, and Sludge, and have represented SIS in various working groups within ISO and CEN. We have contributed to the development of a standard for creating conceptual site models for contaminated areas. Kemakta has also participated in the development of a standard for the characterization of leachate from waste and soil using a toxicogenomic method based on the analysis of gene responses to contamination exposure.[\/vc_column_text][\/vc_column_inner][vc_column_inner width=&#8221;1\/3&#8243;][vc_column_text el_class=&#8221;kontakt-person p-text-margin&#8221;]<\/p>\n<h3>Contact<\/h3>\n<h5>Gabriella Fanger<\/h5>\n<p><a class=\"mail-ikon\" href=\"mailto:gabriella@kemakta.se\">gabriella@kemakta.se<\/a><br \/>\n<a class=\"tel-ikon\" href=\"tel:086176768\">+46-8-617 67 68<\/a>[\/vc_column_text][\/vc_column_inner][\/vc_row_inner][\/vc_column][\/vc_row]<\/p>\n","protected":false},"excerpt":{"rendered":"<p>[vc_row css_animation=&#8221;&#8221; row_type=&#8221;row&#8221; use_row_as_full_screen_section=&#8221;no&#8221; type=&#8221;full_width&#8221; angled_section=&#8221;no&#8221; text_align=&#8221;left&#8221; background_image_as_pattern=&#8221;without_pattern&#8221; el_class=&#8221;content-margin-small&#8221; z_index=&#8221;&#8221;][vc_column][vc_column_text el_class=&#8221;p-text-margin text-margin-bottom&#8221;]Kemakta strives to participate in various collaborations with both Swedish and international companies and organizations. Kemakta maintains close contact with universities and regularly participates in different research projects. Examples of international projects and collaborations&#8230;<\/p>\n","protected":false},"author":2,"featured_media":0,"parent":100,"menu_order":0,"comment_status":"closed","ping_status":"closed","template":"","meta":{"inline_featured_image":false,"footnotes":""},"class_list":["post-104","page","type-page","status-publish","hentry"],"yoast_head":"<!-- This site is optimized with the Yoast SEO plugin v27.4 - https:\/\/yoast.com\/product\/yoast-seo-wordpress\/ -->\n<title>International Collaborations and Networks - Kemakta Konsult<\/title>\n<meta name=\"robots\" content=\"index, follow, max-snippet:-1, max-image-preview:large, max-video-preview:-1\" \/>\n<link rel=\"canonical\" href=\"https:\/\/kemakta.se\/english\/om-oss\/forskningsprojekt-och-internationella-samarbeten\/\" \/>\n<meta property=\"og:locale\" content=\"en_GB\" \/>\n<meta property=\"og:type\" content=\"article\" \/>\n<meta property=\"og:title\" content=\"International Collaborations and Networks - Kemakta Konsult\" \/>\n<meta property=\"og:description\" content=\"[vc_row css_animation=&#8221;&#8221; row_type=&#8221;row&#8221; use_row_as_full_screen_section=&#8221;no&#8221; type=&#8221;full_width&#8221; angled_section=&#8221;no&#8221; text_align=&#8221;left&#8221; background_image_as_pattern=&#8221;without_pattern&#8221; el_class=&#8221;content-margin-small&#8221; z_index=&#8221;&#8221;][vc_column][vc_column_text el_class=&#8221;p-text-margin text-margin-bottom&#8221;]Kemakta strives to participate in various collaborations with both Swedish and international companies and organizations. Kemakta maintains close contact with universities and regularly participates in different research projects. Examples of international projects and collaborations...\" \/>\n<meta property=\"og:url\" content=\"https:\/\/kemakta.se\/english\/om-oss\/forskningsprojekt-och-internationella-samarbeten\/\" \/>\n<meta property=\"og:site_name\" content=\"Kemakta Konsult\" \/>\n<meta property=\"article:modified_time\" content=\"2025-03-10T10:37:18+00:00\" \/>\n<meta name=\"twitter:card\" content=\"summary_large_image\" \/>\n<meta name=\"twitter:label1\" content=\"Estimated reading time\" \/>\n\t<meta name=\"twitter:data1\" content=\"3 minutes\" \/>\n<script type=\"application\/ld+json\" class=\"yoast-schema-graph\">{\"@context\":\"https:\\\/\\\/schema.org\",\"@graph\":[{\"@type\":\"WebPage\",\"@id\":\"https:\\\/\\\/kemakta.se\\\/english\\\/om-oss\\\/forskningsprojekt-och-internationella-samarbeten\\\/\",\"url\":\"https:\\\/\\\/kemakta.se\\\/english\\\/om-oss\\\/forskningsprojekt-och-internationella-samarbeten\\\/\",\"name\":\"International Collaborations and Networks - Kemakta Konsult\",\"isPartOf\":{\"@id\":\"https:\\\/\\\/kemakta.se\\\/english\\\/#website\"},\"datePublished\":\"2018-06-05T14:23:31+00:00\",\"dateModified\":\"2025-03-10T10:37:18+00:00\",\"breadcrumb\":{\"@id\":\"https:\\\/\\\/kemakta.se\\\/english\\\/om-oss\\\/forskningsprojekt-och-internationella-samarbeten\\\/#breadcrumb\"},\"inLanguage\":\"en-GB\",\"potentialAction\":[{\"@type\":\"ReadAction\",\"target\":[\"https:\\\/\\\/kemakta.se\\\/english\\\/om-oss\\\/forskningsprojekt-och-internationella-samarbeten\\\/\"]}]},{\"@type\":\"BreadcrumbList\",\"@id\":\"https:\\\/\\\/kemakta.se\\\/english\\\/om-oss\\\/forskningsprojekt-och-internationella-samarbeten\\\/#breadcrumb\",\"itemListElement\":[{\"@type\":\"ListItem\",\"position\":1,\"name\":\"Hem\",\"item\":\"https:\\\/\\\/kemakta.se\\\/english\\\/\"},{\"@type\":\"ListItem\",\"position\":2,\"name\":\"About Kemakta\",\"item\":\"https:\\\/\\\/kemakta.se\\\/english\\\/om-oss\\\/\"},{\"@type\":\"ListItem\",\"position\":3,\"name\":\"International Collaborations and Networks\"}]},{\"@type\":\"WebSite\",\"@id\":\"https:\\\/\\\/kemakta.se\\\/english\\\/#website\",\"url\":\"https:\\\/\\\/kemakta.se\\\/english\\\/\",\"name\":\"Kemakta Konsult\",\"description\":\"Ett ledande f\u00f6retag inom milj\u00f6riskanalys\",\"potentialAction\":[{\"@type\":\"SearchAction\",\"target\":{\"@type\":\"EntryPoint\",\"urlTemplate\":\"https:\\\/\\\/kemakta.se\\\/english\\\/?s={search_term_string}\"},\"query-input\":{\"@type\":\"PropertyValueSpecification\",\"valueRequired\":true,\"valueName\":\"search_term_string\"}}],\"inLanguage\":\"en-GB\"}]}<\/script>\n<!-- \/ Yoast SEO plugin. -->","yoast_head_json":{"title":"International Collaborations and Networks - Kemakta Konsult","robots":{"index":"index","follow":"follow","max-snippet":"max-snippet:-1","max-image-preview":"max-image-preview:large","max-video-preview":"max-video-preview:-1"},"canonical":"https:\/\/kemakta.se\/english\/om-oss\/forskningsprojekt-och-internationella-samarbeten\/","og_locale":"en_GB","og_type":"article","og_title":"International Collaborations and Networks - Kemakta Konsult","og_description":"[vc_row css_animation=&#8221;&#8221; row_type=&#8221;row&#8221; use_row_as_full_screen_section=&#8221;no&#8221; type=&#8221;full_width&#8221; angled_section=&#8221;no&#8221; text_align=&#8221;left&#8221; background_image_as_pattern=&#8221;without_pattern&#8221; el_class=&#8221;content-margin-small&#8221; z_index=&#8221;&#8221;][vc_column][vc_column_text el_class=&#8221;p-text-margin text-margin-bottom&#8221;]Kemakta strives to participate in various collaborations with both Swedish and international companies and organizations. Kemakta maintains close contact with universities and regularly participates in different research projects. Examples of international projects and collaborations...","og_url":"https:\/\/kemakta.se\/english\/om-oss\/forskningsprojekt-och-internationella-samarbeten\/","og_site_name":"Kemakta Konsult","article_modified_time":"2025-03-10T10:37:18+00:00","twitter_card":"summary_large_image","twitter_misc":{"Estimated reading time":"3 minutes"},"schema":{"@context":"https:\/\/schema.org","@graph":[{"@type":"WebPage","@id":"https:\/\/kemakta.se\/english\/om-oss\/forskningsprojekt-och-internationella-samarbeten\/","url":"https:\/\/kemakta.se\/english\/om-oss\/forskningsprojekt-och-internationella-samarbeten\/","name":"International Collaborations and Networks - Kemakta Konsult","isPartOf":{"@id":"https:\/\/kemakta.se\/english\/#website"},"datePublished":"2018-06-05T14:23:31+00:00","dateModified":"2025-03-10T10:37:18+00:00","breadcrumb":{"@id":"https:\/\/kemakta.se\/english\/om-oss\/forskningsprojekt-och-internationella-samarbeten\/#breadcrumb"},"inLanguage":"en-GB","potentialAction":[{"@type":"ReadAction","target":["https:\/\/kemakta.se\/english\/om-oss\/forskningsprojekt-och-internationella-samarbeten\/"]}]},{"@type":"BreadcrumbList","@id":"https:\/\/kemakta.se\/english\/om-oss\/forskningsprojekt-och-internationella-samarbeten\/#breadcrumb","itemListElement":[{"@type":"ListItem","position":1,"name":"Hem","item":"https:\/\/kemakta.se\/english\/"},{"@type":"ListItem","position":2,"name":"About Kemakta","item":"https:\/\/kemakta.se\/english\/om-oss\/"},{"@type":"ListItem","position":3,"name":"International Collaborations and Networks"}]},{"@type":"WebSite","@id":"https:\/\/kemakta.se\/english\/#website","url":"https:\/\/kemakta.se\/english\/","name":"Kemakta Konsult","description":"Ett ledande f\u00f6retag inom milj\u00f6riskanalys","potentialAction":[{"@type":"SearchAction","target":{"@type":"EntryPoint","urlTemplate":"https:\/\/kemakta.se\/english\/?s={search_term_string}"},"query-input":{"@type":"PropertyValueSpecification","valueRequired":true,"valueName":"search_term_string"}}],"inLanguage":"en-GB"}]}},"_links":{"self":[{"href":"https:\/\/kemakta.se\/english\/wp-json\/wp\/v2\/pages\/104","targetHints":{"allow":["GET"]}}],"collection":[{"href":"https:\/\/kemakta.se\/english\/wp-json\/wp\/v2\/pages"}],"about":[{"href":"https:\/\/kemakta.se\/english\/wp-json\/wp\/v2\/types\/page"}],"author":[{"embeddable":true,"href":"https:\/\/kemakta.se\/english\/wp-json\/wp\/v2\/users\/2"}],"replies":[{"embeddable":true,"href":"https:\/\/kemakta.se\/english\/wp-json\/wp\/v2\/comments?post=104"}],"version-history":[{"count":27,"href":"https:\/\/kemakta.se\/english\/wp-json\/wp\/v2\/pages\/104\/revisions"}],"predecessor-version":[{"id":1639,"href":"https:\/\/kemakta.se\/english\/wp-json\/wp\/v2\/pages\/104\/revisions\/1639"}],"up":[{"embeddable":true,"href":"https:\/\/kemakta.se\/english\/wp-json\/wp\/v2\/pages\/100"}],"wp:attachment":[{"href":"https:\/\/kemakta.se\/english\/wp-json\/wp\/v2\/media?parent=104"}],"curies":[{"name":"wp","href":"https:\/\/api.w.org\/{rel}","templated":true}]}}